{"id":53,"date":"2024-03-20T17:48:08","date_gmt":"2024-03-20T17:48:08","guid":{"rendered":"https:\/\/www.hupikupla.fi\/?page_id=53"},"modified":"2025-11-28T11:21:07","modified_gmt":"2025-11-28T08:21:07","slug":"etusivu","status":"publish","type":"page","link":"https:\/\/www.hupikupla.fi\/en\/","title":{"rendered":"Front Page"},"content":{"rendered":"\n<section id=\"hero\" class=\"h-[450px]\">\n      <div class=\"h-[365px] grid place-items-center relative\">\n         <div class=\"flex flex-col items-center\">\n            <img decoding=\"async\" class=\"h-[220px] sm:h-[275px]\" src=\"\/wp-content\/uploads\/2024\/03\/logo-frontpage.webp\" alt=\"Hupikupla logo\">\n            <h1 id=\"slogan\" class=\"mt-[-28px] sm:mt-[-38px] text-center\">El\u00e4 omassa kuplassasi<\/h1>\n         <\/div>\n         <a class=\"button align-self-start mt-8\" href=\"#hinnasto\">Osta lippu<\/a>\n\n      <\/div>\n<h3 class=\"text-center mt-4 relative z-10\">HUPIKUPLAN TOIMINTA P\u00c4\u00c4TTYY 29.12.2025 KLO 20.00! KAIKKI LIPUT JA SYNTT\u00c4RIT OVAT VOIMASSA T\u00c4H\u00c4N SAAKKA!<\/h3>\n<h4 class=\"text-center mt-[-28px] relative z-10 header-title\"> <\/h4>\n   <\/section>\n\n\n\n<section id=\"tervetuloa\" class=\"relative mt-4\">\n      <div class=\"grid place-items-center\">\n      <img decoding=\"async\" class=\"w-[200px] absolute top-[25px] hidden xl:block #lg:translate-x-[-220%] xl:translate-x-[-250%]\" src=\"\/wp-content\/uploads\/2024\/04\/delfiini_svg.svg\" alt=\"Delfiini\">\n\t\t<img decoding=\"async\" class=\"w-[200px] absolute bottom-[25px] hidden xl:block xl:translate-x-[250%]\" src=\"\/wp-content\/uploads\/2024\/04\/rapu.svg\" alt=\"Rapu\">\n         <article class=\"w-full text-center md:w-[600px]\">\n<h1 class=\"mt-4\">Tervetuloa Hupikuplaan!<\/h1>\n            <p>HUOMIOITHAN, ETT\u00c4 HUPIKUPLAN TOIMINTA P\u00c4\u00c4TTYY LOPULLISESTI 29.12.2025 KLO 20.00! KAIKKI LIPUT JA SYNTT\u00c4RIT OVAT VOIMASSA T\u00c4H\u00c4N SAAKKA!<\/p>\n         <\/article>\n         <a class=\"button\" href=\"#saannot\">Hupikuplan s\u00e4\u00e4nn\u00f6t<\/a>\n      <\/div>\n   <\/section>\n\n\n\n<section id=\"hinnasto\">\n\t<div class=\"grid place-items-center\">\n\t\t<img decoding=\"async\" class=\"w-[200px] absolute bottom-[-100px] hidden xl:block #lg:translate-x-[-220%] xl:translate-x-[-250%]\" src=\"\/wp-content\/uploads\/2024\/04\/kilpikonna.svg\" alt=\"Kilpikonna\">\n<\/div>\n      <div class=\"flex flex-col items-center\">\n         <h1 class=\"text-center\">Hinnasto<\/h1>\n         <div class=\"flex flex-col justify-between items-center gap-12 w-full lg:flex-col lg:w-[1024px]\">\n            <div class=\"w-full\">\n               <h2 class=\"\">P\u00e4\u00e4syliput<\/h2>\n               <div class=\"w-full flex justify-center\" style=\"will-change: height;\"><div class=\"price-table flex flex-col gap-6\"><div class='flex gap-0 items-center '><div class='header-title grow col'>Lipputyyppi<\/div><div class='header-title col'>Hinta<\/div><div style='flex:4;' class='col header-title hidden lg:block'>Kuvaus<\/div><\/div><div colspan='3'>Ei tuotteita t\u00e4ss\u00e4 kategoriassa.<\/div><\/div><\/div>\n            <\/div>\n            <article class=\"w-full text-center\">\n<h3><a href=\"\/wp-content\/uploads\/2024\/10\/LAHJAKORTTI_PDF.pdf\">TULOSTA LAHJAKORTTI T\u00c4ST\u00c4 LINKIST\u00c4<\/a><\/h3>\n\n               <p>HUOMIOITHAN, ETT\u00c4 HUPIKUPLAN TOIMINTA P\u00c4\u00c4TTYY LOPULLISESTI 29.12.2025 KLO 20.00! KAIKKI LIPUT OVAT VOIMASSA T\u00c4H\u00c4N SAAKKA!<\/p>\n               <p>Alta l\u00f6yd\u00e4t lis\u00e4tietoa <a href=\"#synttarit\">syntt\u00e4ripaketeista<\/a>.<!-- ja <a href=\"#lisahupi\">muusta hinnoittelusta.<\/a>--> Muiden kuin maksettujen lapsien tuominen Hupikuplaan on ehdottoman kielletty (150\u20ac sakon uhalla).<\/p>\n            <\/article>\n         <\/div>\n      <\/div>\n   <\/section>\n\n\n\n<section id=\"aukioloajat\">\n<div class=\"grid place-items-center\">\n\t\t<img decoding=\"async\" class=\"w-[200px] absolute bottom-[-150px] hidden xl:block xl:translate-x-[250%]\" src=\"\/wp-content\/uploads\/2024\/05\/delfiini_flipped.svg\" alt=\"Delfiini\">\n<\/div>\n      <div class=\"flex flex-col items-center\">\n         <h1 class=\"text-center\">Aukioloajat ja <br>yhteystiedot<\/h1>\n         <div class=\"flex flex-col w-full space-between items-center gap-12 lg:flex-row lg:w-[1024px]\">\n            <article class=\"grow basis-0\">\n               <h2>Aukioloajat<\/h2>\n               <p>Hupikupla on <b>auki 29.12.2025 klo 20.00 saakka<br>08:00 \u2013 20:00<\/b>.<\/p>\n               <p>Hupikuplan toiminta on t\u00e4ysin automatisoitu, joten tule ja l\u00e4hde, kun se sinulle parhaiten sopii!<\/p>\n               <p>Muistathan kuitenkin, ett\u00e4 sin\u00e4 vastaat omasta ja lapsiesi turvallisuudesta!<\/p>\n            <\/article>\n            <article class=\"grow basis-0 shrink-0\">\n               <h2>Hupikupla<\/h2>\n               <p>Jumalniementie 3, 48600 Kotka<\/p>\n               <p>Ajathan parkkipaikalle porttien sis\u00e4puolelle!<\/p>\n               <h3 class=\"mt-4\">Puhelin ja s\u00e4hk\u00f6posti<\/h3>\n               <p><a href=\"tel:+358440666086\">+358 44 066 6086<\/a><\/p>\n               <p><a href=\"mailto:lassi@hupikupla.fi \">lassi@hupikupla.fi<\/a><\/p>\n            <\/article>\n            <!-- <div class=\"grow basis-0\">\n               <div class=\"block bg-[#f5f5f5] w-[300px] h-[300px] rounded-full\">&nbsp;<\/div>\n            <\/div> -->\n            <!--The div element for the map -->\n            <div id=\"map\"><\/div>\n\n            <!-- prettier-ignore -->\n            <script>\n              (g=>{var h,a,k,p=\"The Google Maps JavaScript API\",c=\"google\",l=\"importLibrary\",q=\"__ib__\",m=document,b=window;b=b[c]||(b[c]={});var d=b.maps||(b.maps={}),r=new Set,e=new URLSearchParams,u=()=>h||(h=new Promise(async(f,n)=>{await (a=m.createElement(\"script\"));e.set(\"libraries\",[...r]+\"\");for(k in g)e.set(k.replace(\/[A-Z]\/g,t=>\"_\"+t[0].toLowerCase()),g[k]);e.set(\"callback\",c+\".maps.\"+q);a.src=`https:\/\/maps.${c}apis.com\/maps\/api\/js?`+e;d[q]=f;a.onerror=()=>h=n(Error(p+\" could not load.\"));a.nonce=m.querySelector(\"script[nonce]\")?.nonce||\"\";m.head.append(a)}));d[l]?console.warn(p+\" only loads once. Ignoring:\",g):d[l]=(f,...n)=>r.add(f)&&u().then(()=>d[l](f,...n))})({\n                key: \"AIzaSyCO2FDi67p9mitcWr2psQ6505xo5X7AHmA\",\n                v: \"weekly\",\n                \/\/ Use the 'v' parameter to indicate the version to use (weekly, beta, alpha, etc.).\n                \/\/ Add other bootstrap parameters as needed, using camel case.\n              });\n            <\/script>\n            <script>\n              \/\/ Initialize and add the map\nlet map;\n\nasync function initMap() {\n  \/\/ The location of Hupikupla\n  const position = { lat: 60.503592277355544, lng: 26.910407364599294 };\n  \/\/ 60.503592277355544, 26.910407364599294\n  \/\/ Request needed libraries.\n  \/\/@ts-ignore\n  const { Map } = await google.maps.importLibrary(\"maps\");\n  const { AdvancedMarkerElement } = await google.maps.importLibrary(\"marker\");\n\n  \/\/ The map, centered at Uluru\n  map = new Map(document.getElementById(\"map\"), {\n    zoom: 17,\n    center: position,\n    mapId: \"DEMO_MAP_ID\",\n  });\n\n  \/\/ The marker, positioned at Uluru\n  const marker = new AdvancedMarkerElement({\n    map: map,\n    position: position,\n    title: \"Uluru\",\n  });\n}\n\ninitMap();\n              <\/script>\n              \n         <\/div>\n         <!-- <p class=\"mt-4\">Tarkemmat ohjeet saapumiseen l\u00f6yd\u00e4t <a>t\u00e4\u00e4lt\u00e4<\/a>.<\/p> -->\n      <\/div>\n   <\/section>\n\n\n\n<section id=\"synttarit\">\n<div class=\"grid place-items-center\">\n\t\t<img decoding=\"async\" class=\"w-[200px] absolute bottom-[-100px] hidden xl:block xl:translate-x-[-250%]\" src=\"\/wp-content\/uploads\/2024\/05\/rapu_flipped.svg\" alt=\"Rapu\">\n<\/div>\n      <h1 class=\"text-center\">Syntt\u00e4rit <br>hupikuplassa<\/h1>\n<div class=\"flex flex-col gap-6\">\n<div class=\"w-full justify-center flex \">\n<p class=\"w-full text-center md:w-[600px]\">Voit varata syntt\u00e4rihuoneita my\u00f6s muuhun, kuin syntym\u00e4p\u00e4iv\u00e4tilaisuuksiin! Olethan yhteydess\u00e4 <a href=\"mailto:lassi@hupikupla.fi\">lassi@hupikupla.fi<\/a> tai <a href=\"tel:+358440666086\">0440666086<\/a><\/p>.\n<\/div>\n<h3 class=\"text-center\"><a href=\"\/wp-content\/uploads\/2024\/10\/SYNTTARIKUTSU_PDF.pdf\">TULOSTA SYNTT\u00c4RIKUTSU T\u00c4ST\u00c4 LINKIST\u00c4<\/a><\/h3>\n<h3 class=\"text-center\">HUOMIOITHAN, ETT\u00c4 HUPIKUPLAN TOIMINTA P\u00c4\u00c4TTYY LOPULLISESTI 29.12.2025 KLO 20.00! KAIKKI LIPUT JA SYNTT\u00c4RIT OVAT VOIMASSA T\u00c4H\u00c4N SAAKKA!<\/h3>\n\n      <div class=\"w-full flex justify-center\" style=\"will-change: height;\"><div class=\"price-table flex flex-col gap-6\"><div class='flex gap-6 items-center '><div class='header-title col max-w-[150px]'>Paketti<\/div><div class='header-title col grow md:hidden'><\/div><div class='header-title col'>Hinta per lapsi <br><small>(max 10 henk. per huone)<\/small><\/div><div style='flex:4;' class='col header-title hidden lg:block'>Sis\u00e4llys<\/div><div class='w-[84px] sm:w-[110px]'><\/div><\/div><div colspan='3'>Ei tuotteita t\u00e4ss\u00e4 kategoriassa.<\/div><\/div><\/div>\n      \n<!--<article class=\"w-full justify-center flex\">\n      \n      <\/div>\n   <\/section>\n\n\n\n<!--<section id=\"lisahupi\">\n<div class=\"grid place-items-center\">\n\t\t<img decoding=\"async\" class=\"w-[200px] absolute bottom-[-150px] hidden xl:block xl:translate-x-[250%]\" src=\"\/wp-content\/uploads\/2024\/05\/kilpikonna_flipped.svg\" alt=\"Kilpikonna\">\n<\/div>\n      <h1 class=\"text-center\">Syntt\u00e4reille <br>lis\u00e4maksusta<\/h1>\n\n      [show_woocommerce_table_lisahupi category=\"lisahupi\" orderby=\"menu_order\"]\n   <\/section>-->\n\n\n\n<section id=\"saannot\">\n<div class=\"grid place-items-center\">\n\t\t<img decoding=\"async\" class=\"w-[200px] absolute bottom-[50px] hidden xl:block xl:translate-x-[-250%]\" src=\"\/wp-content\/uploads\/2024\/04\/delfiini_svg.svg\" alt=\"Delfiini\">\n<\/div>\n      <div class=\"flex flex-col items-center\">\n         <h1 class=\"text-center\">S\u00e4\u00e4nn\u00f6t<\/h1>\n         <article class=\"w-full text-center md:w-[600px]\">\n            <p><span id=\"span-1\">1. Pid\u00e4 huoli itsest\u00e4si ja omasta lapsestasi!<\/span> Mik\u00e4li olet lapsen valvoja, olet vastuussa lapsestasi. Mik\u00e4li leikit ilman valvojaa, olet vastuussa itsest\u00e4si. Pikkuhaavereihin on ohjeita ja apuv\u00e4lineit\u00e4 Hupikuplassa, suuremmissa haavereissa soita 112.<\/p>\n            <p><span id=\"span-2\">2. Alle 16-vuotiailla on oltava yli 18-vuotias valvoja! <\/span> Vain yli 16-vuotiaat voivat leikki\u00e4 Hupikuplassa ilman valvojan l\u00e4sn\u00e4oloa.<\/p>\n            <p><span id=\"span-3\">3. \u00c4l\u00e4 kiusaa, t\u00f6ni, mollaa tai muutenkaan aiheuta toiselle pahaa mielt\u00e4!<\/span> Hupikuplan merenel\u00e4v\u00e4t n\u00e4kev\u00e4t ja kuulevat. Toistuva kiusaaminen johtaa kerta-, sarja- tai kausilipun menett\u00e4miseen.<\/p>\n            <p><span id=\"span-4\"> 4. Muista yleinen hygienia ja siisteys!<\/span> Pese k\u00e4det aina ennen leikkialueelle menemist\u00e4, sek\u00e4 heit\u00e4 omat, ja vaikka muidenkin roskat roskikseen. Hupikuplan merenel\u00e4v\u00e4t n\u00e4kev\u00e4t ja kuulevat. Tahallinen sotkeminen tai v\u00e4lineiden rikkominen johtaa kerta-, sarja- tai kausilipun menett\u00e4miseen.<\/p>\n            <p><span id=\"span-5\">5. Muista yleinen turvallisuus!<\/span> Turvaverkoissa ei saa roikkua, pomppulinnoissa ei saa tehd\u00e4 voltteja ja liikkuminen toimitilassa on teht\u00e4v\u00e4 varovasti ja muut huomioiden.<\/p>\n            <p><span id=\"span-6\">6. Palauta siirt\u00e4m\u00e4si tavarat sinne mist\u00e4 ne otitkin!<\/span> Jos k\u00e4yt\u00e4t esimerkiksi taaperonurkkaukseen kuuluvia pehmokuutioita, palauta ne sinne leikin j\u00e4lkeen. Sama p\u00e4tee muita irtoesineit\u00e4.<\/p>\n            <p><span id=\"span-7\">7. Ei tupakkatuotteita! Ei lemmikkiel\u00e4imi\u00e4! <\/span> Tupakka, s\u00e4hk\u00f6tupakka, nuuska ja nikotiinipussit, sek\u00e4 sis\u00e4lle tuodut lemmikkiel\u00e4imet ovat Hupikuplassa ehdottomasti kielletty! Hupikuplan merenel\u00e4v\u00e4t n\u00e4kev\u00e4t ja kuulevat. Nikotiinituotteiden k\u00e4ytt\u00f6 ja\/tai niill\u00e4 roskaaminen johtaa kerta-, sarja- tai kausilipun menett\u00e4miseen. Sama p\u00e4tee lemmikkiel\u00e4inten tuontiin sis\u00e4tiloihin.<\/p>\n            <p><span id=\"span-8\">8. Noudata leikkipaikkojen ik\u00e4rajoja!<\/span> Jokaisen kokonaisuuden (taaperoalue, pomppulinnat, kiipeilypaikka, polkuautorata, syntt\u00e4ritilat jne.) l\u00e4hist\u00f6lle on merkattu ik\u00e4suositukset, joita on noudatettava.<\/p>\n            <p><span id=\"span-9\">9. \u00c4l\u00e4 valehtele!<\/span> Lapsista, joista ei ole maksettu sis\u00e4\u00e4np\u00e4\u00e4symaksua, perit\u00e4\u00e4n 150\u20ac sakkomaksu.<\/p>\n            <p><span id=\"span-10\">10. Liikkuminen, nauraminen, kikattaminen, nauttiminen ja muu hauskanpito on ehdottoman sallittua!<\/span><\/p>\n         <\/article>\n         <p class=\"text-center mt-8\">Lue lis\u00e4\u00e4 <a href=\"\/274-2\/\">tilaus- ja toimitusehdoista<\/a>, <a href=\"\/hupikupla-oyn-asiakas-ja-suoramarkkinointirekisterin-tietosuojaseloste\/\">tietosuojaselosteesta<\/a> ja <br\/><a href=\"\/277-2\/\">syntt\u00e4ritilaisuuksien ehdoista<\/a>.<\/p>\n      <\/div>\n   <\/section>\n","protected":false},"excerpt":{"rendered":"<p>El\u00e4 omassa kuplassasi Osta lippu HUPIKUPLAN TOIMINTA P\u00c4\u00c4TTYY 29.12.2025 KLO 20.00! KAIKKI LIPUT JA SYNTT\u00c4RIT OVAT VOIMASSA T\u00c4H\u00c4N SAAKKA! Tervetuloa Hupikuplaan! HUOMIOITHAN, ETT\u00c4 HUPIKUPLAN TOIMINTA P\u00c4\u00c4TTYY LOPULLISESTI 29.12.2025 KLO 20.00! KAIKKI LIPUT JA SYNTT\u00c4RIT OVAT VOIMASSA T\u00c4H\u00c4N SAAKKA! Hupikuplan s\u00e4\u00e4nn\u00f6t Hinnasto P\u00e4\u00e4syliput TULOSTA LAHJAKORTTI T\u00c4ST\u00c4 LINKIST\u00c4 HUOMIOITHAN, ETT\u00c4 HUPIKUPLAN TOIMINTA P\u00c4\u00c4TTYY LOPULLISESTI 29.12.2025 KLO 20.00!<a href=\"https:\/\/www.hupikupla.fi\/en\/\">Continue reading <span class=\"sr-only\">&#8221;Etusivu&#8221;<\/span><\/a><\/p>","protected":false},"author":1,"featured_media":0,"parent":0,"menu_order":0,"comment_status":"closed","ping_status":"closed","template":"","meta":{"footnotes":""},"class_list":["post-53","page","type-page","status-publish","hentry"],"aioseo_notices":[],"_links":{"self":[{"href":"https:\/\/www.hupikupla.fi\/en\/wp-json\/wp\/v2\/pages\/53","targetHints":{"allow":["GET"]}}],"collection":[{"href":"https:\/\/www.hupikupla.fi\/en\/wp-json\/wp\/v2\/pages"}],"about":[{"href":"https:\/\/www.hupikupla.fi\/en\/wp-json\/wp\/v2\/types\/page"}],"author":[{"embeddable":true,"href":"https:\/\/www.hupikupla.fi\/en\/wp-json\/wp\/v2\/users\/1"}],"replies":[{"embeddable":true,"href":"https:\/\/www.hupikupla.fi\/en\/wp-json\/wp\/v2\/comments?post=53"}],"version-history":[{"count":89,"href":"https:\/\/www.hupikupla.fi\/en\/wp-json\/wp\/v2\/pages\/53\/revisions"}],"predecessor-version":[{"id":4712,"href":"https:\/\/www.hupikupla.fi\/en\/wp-json\/wp\/v2\/pages\/53\/revisions\/4712"}],"wp:attachment":[{"href":"https:\/\/www.hupikupla.fi\/en\/wp-json\/wp\/v2\/media?parent=53"}],"curies":[{"name":"wp","href":"https:\/\/api.w.org\/{rel}","templated":true}]}}