{"id":1588,"date":"2024-10-24T13:36:40","date_gmt":"2024-10-24T10:36:40","guid":{"rendered":"https:\/\/www.hupikupla.fi\/?post_type=product&#038;p=1588"},"modified":"2025-02-14T06:34:10","modified_gmt":"2025-02-14T03:34:10","slug":"arkilippu","status":"publish","type":"product","link":"https:\/\/www.hupikupla.fi\/en\/product\/arkilippu\/","title":{"rendered":"Arkilippu 08.00-14.00"},"content":{"rendered":"<blockquote><p>Buy a one-time splash into the foamy waves of Hupikupla!\nGet 4 hours of Fun for yourself or your child (under 16 years old)!\nOne single-entry ticket grants admission for one child to Hupi.\nThe ticket is valid for 6 months from the date of purchase.\n\nNOTE: You will receive one code per ticket purchased.\nSo, for example, if you're visiting with three children, please make sure to use all three codes!\nMisuse may result in a \u20ac150 penalty fee. <strong>.<\/strong> . <strong>6 kuukautta ostop\u00e4iv\u00e4st\u00e4<\/strong>.<\/p><\/blockquote>\n<p><strong>ARKILIPULLA P\u00c4\u00c4SET HUPIKUPLAAN <span style=\"text-decoration: underline;\">VAIN MAANANTAI &#8211; PERJANTAI, KELLO 08.00 &#8211; 14.00 V\u00c4LISEN\u00c4 AIKANA!<\/span><\/strong><\/p>","protected":false},"excerpt":{"rendered":"<p>Osta kertahyppy Hupikuplan vaahtoiseen aallokkoon! Osta itsellesi tai lapsellesi (alle 16-vuotiaat) 4 tuntia Hupia! Yksi kertalippu oikeuttaa yhden lapsen Hupiin! Arkilippu on voimassa 6 kuukautta ostop\u00e4iv\u00e4st\u00e4. ARKILIPULLA P\u00c4\u00c4SET HUPIKUPLAAN VAIN MAANANTAI &#8211; PERJANTAI, KELLO 08.00 &#8211; 14.00 V\u00c4LISEN\u00c4 AIKANA!<\/p>","protected":false},"featured_media":0,"template":"","meta":[],"product_brand":[],"product_cat":[],"product_tag":[],"class_list":{"0":"post-1588","1":"product","2":"type-product","3":"status-publish","6":"first","7":"instock","8":"virtual","9":"taxable","10":"purchasable","11":"product-type-simple"},"aioseo_notices":[],"_links":{"self":[{"href":"https:\/\/www.hupikupla.fi\/en\/wp-json\/wp\/v2\/product\/1588","targetHints":{"allow":["GET"]}}],"collection":[{"href":"https:\/\/www.hupikupla.fi\/en\/wp-json\/wp\/v2\/product"}],"about":[{"href":"https:\/\/www.hupikupla.fi\/en\/wp-json\/wp\/v2\/types\/product"}],"wp:attachment":[{"href":"https:\/\/www.hupikupla.fi\/en\/wp-json\/wp\/v2\/media?parent=1588"}],"wp:term":[{"taxonomy":"product_brand","embeddable":true,"href":"https:\/\/www.hupikupla.fi\/en\/wp-json\/wp\/v2\/product_brand?post=1588"},{"taxonomy":"product_cat","embeddable":true,"href":"https:\/\/www.hupikupla.fi\/en\/wp-json\/wp\/v2\/product_cat?post=1588"},{"taxonomy":"product_tag","embeddable":true,"href":"https:\/\/www.hupikupla.fi\/en\/wp-json\/wp\/v2\/product_tag?post=1588"}],"curies":[{"name":"wp","href":"https:\/\/api.w.org\/{rel}","templated":true}]}}